{"id":974,"date":"2023-06-07T06:27:56","date_gmt":"2023-06-07T06:27:56","guid":{"rendered":"https:\/\/wptf.themepul.co\/tronix\/?page_id=974"},"modified":"2024-04-27T16:05:43","modified_gmt":"2024-04-27T14:05:43","slug":"contact","status":"publish","type":"page","link":"https:\/\/louismpala.com\/en\/contact\/","title":{"rendered":"Contact"},"content":{"rendered":"<div data-elementor-type=\"wp-page\" data-elementor-id=\"974\" class=\"elementor elementor-974\">\n\t\t\t\t\t\t<section class=\"elementor-section elementor-top-section elementor-element elementor-element-0458fdb elementor-section-boxed elementor-section-height-default elementor-section-height-default\" data-id=\"0458fdb\" data-element_type=\"section\" data-e-type=\"section\">\n\t\t\t\t\t\t<div class=\"elementor-container elementor-column-gap-no\">\n\t\t\t\t\t<div class=\"elementor-column elementor-col-100 elementor-top-column elementor-element elementor-element-581e5d0\" data-id=\"581e5d0\" data-element_type=\"column\" data-e-type=\"column\">\n\t\t\t<div class=\"elementor-widget-wrap elementor-element-populated\">\n\t\t\t\t\t\t<div class=\"elementor-element elementor-element-d6081d4 elementor-widget elementor-widget-icon_box\" data-id=\"d6081d4\" data-element_type=\"widget\" data-e-type=\"widget\" data-widget_type=\"icon_box.default\">\n\t\t\t\t<div class=\"elementor-widget-container\">\n\t\t\t\t\t            <div class=\"tronix-icon-box-wrapper\">\n                <div class=\"container\">\n                    <div class=\"row\">\n                                                    <div class=\"col-xl-4 col-lg-4 col-md-6\">\n                                <div class=\"tronix-icon-box\">\n                                                                            <div class=\"tronix-icon\">\n                                            <svg aria-hidden=\"true\" class=\"e-font-icon-svg e-fas-phone-alt\" viewbox=\"0 0 512 512\" xmlns=\"http:\/\/www.w3.org\/2000\/svg\"><path d=\"M497.39 361.8l-112-48a24 24 0 0 0-28 6.9l-49.6 60.6A370.66 370.66 0 0 1 130.6 204.11l60.6-49.6a23.94 23.94 0 0 0 6.9-28l-48-112A24.16 24.16 0 0 0 122.6.61l-104 24A24 24 0 0 0 0 48c0 256.5 207.9 464 464 464a24 24 0 0 0 23.4-18.6l24-104a24.29 24.29 0 0 0-14.01-27.6z\"><\/path><\/svg>                                        <\/div>\n                                                                        <div class=\"icon-box-content\">\n                                        <div class=\"icon-box-title-label\"> Num\u00e9ro T\u00e9l\u00e9phone <\/div>\n                                                                                    <h6 class=\"icon-box-title\">\n                                                                                                    +243 997 021 002   |  |  |\n+243 811 481 178                                                                                            <\/h6>\n                                        \n                                        \n                                    <\/div>\n                                <\/div>\n                            <\/div>\n                                                    <div class=\"col-xl-4 col-lg-4 col-md-6\">\n                                <div class=\"tronix-icon-box\">\n                                                                            <div class=\"tronix-icon\">\n                                            <svg aria-hidden=\"true\" class=\"e-font-icon-svg e-far-envelope\" viewbox=\"0 0 512 512\" xmlns=\"http:\/\/www.w3.org\/2000\/svg\"><path d=\"M464 64H48C21.49 64 0 85.49 0 112v288c0 26.51 21.49 48 48 48h416c26.51 0 48-21.49 48-48V112c0-26.51-21.49-48-48-48zm0 48v40.805c-22.422 18.259-58.168 46.651-134.587 106.49-16.841 13.247-50.201 45.072-73.413 44.701-23.208.375-56.579-31.459-73.413-44.701C106.18 199.465 70.425 171.067 48 152.805V112h416zM48 400V214.398c22.914 18.251 55.409 43.862 104.938 82.646 21.857 17.205 60.134 55.186 103.062 54.955 42.717.231 80.509-37.199 103.053-54.947 49.528-38.783 82.032-64.401 104.947-82.653V400H48z\"><\/path><\/svg>                                        <\/div>\n                                                                        <div class=\"icon-box-content\">\n                                        <div class=\"icon-box-title-label\"> Adresse Email <\/div>\n                                                                                    <h6 class=\"icon-box-title\">\n                                                                                                    abbelouismpala@gmail.com                                                                                            <\/h6>\n                                        \n                                        \n                                    <\/div>\n                                <\/div>\n                            <\/div>\n                                                    <div class=\"col-xl-4 col-lg-4 col-md-6\">\n                                <div class=\"tronix-icon-box\">\n                                                                            <div class=\"tronix-icon\">\n                                            <svg aria-hidden=\"true\" class=\"e-font-icon-svg e-fas-map-marker-alt\" viewbox=\"0 0 384 512\" xmlns=\"http:\/\/www.w3.org\/2000\/svg\"><path d=\"M172.268 501.67C26.97 291.031 0 269.413 0 192 0 85.961 85.961 0 192 0s192 85.961 192 192c0 77.413-26.97 99.031-172.268 309.67-9.535 13.774-29.93 13.773-39.464 0zM192 272c44.183 0 80-35.817 80-80s-35.817-80-80-80-80 35.817-80 80 35.817 80 80 80z\"><\/path><\/svg>                                        <\/div>\n                                                                        <div class=\"icon-box-content\">\n                                        <div class=\"icon-box-title-label\"> Office Address <\/div>\n                                                                                    <h6 class=\"icon-box-title\">\n                                                                                                    Avenue X, N\u00b0 00, Quartier X, C\/                                                                                             <\/h6>\n                                        \n                                        \n                                    <\/div>\n                                <\/div>\n                            <\/div>\n                                            <\/div>\n                <\/div>\n            <\/div>\n        \t\t\t\t<\/div>\n\t\t\t\t<\/div>\n\t\t\t\t\t<\/div>\n\t\t<\/div>\n\t\t\t\t\t<\/div>\n\t\t<\/section>\n\t\t\t\t<section class=\"elementor-section elementor-top-section elementor-element elementor-element-f95d9b5 elementor-section-boxed elementor-section-height-default elementor-section-height-default\" data-id=\"f95d9b5\" data-element_type=\"section\" data-e-type=\"section\">\n\t\t\t\t\t\t<div class=\"elementor-container elementor-column-gap-no\">\n\t\t\t\t\t<div class=\"elementor-column elementor-col-100 elementor-top-column elementor-element elementor-element-b16a7f5\" data-id=\"b16a7f5\" data-element_type=\"column\" data-e-type=\"column\">\n\t\t\t<div class=\"elementor-widget-wrap elementor-element-populated\">\n\t\t\t\t\t\t<section class=\"elementor-section elementor-inner-section elementor-element elementor-element-634e7b1 elementor-section-boxed elementor-section-height-default elementor-section-height-default\" data-id=\"634e7b1\" data-element_type=\"section\" data-e-type=\"section\" data-settings=\"{&quot;background_background&quot;:&quot;classic&quot;}\">\n\t\t\t\t\t\t\t<div class=\"elementor-background-overlay\"><\/div>\n\t\t\t\t\t\t\t<div class=\"elementor-container elementor-column-gap-no\">\n\t\t\t\t\t<div class=\"elementor-column elementor-col-50 elementor-inner-column elementor-element elementor-element-ca7d69e\" data-id=\"ca7d69e\" data-element_type=\"column\" data-e-type=\"column\">\n\t\t\t<div class=\"elementor-widget-wrap elementor-element-populated\">\n\t\t\t\t\t\t<div class=\"elementor-element elementor-element-29d5858 elementor-widget elementor-widget-tronix_about\" data-id=\"29d5858\" data-element_type=\"widget\" data-e-type=\"widget\" data-widget_type=\"tronix_about.default\">\n\t\t\t\t<div class=\"elementor-widget-container\">\n\t\t\t\t\t        <div class=\"about-section-wraper\">\n            <div class=\"container\">\n                <div class=\"about_content\">\n                    <div class=\"about-item\">\n                                                 \n                            <h2 class=\"about-title\"> Contactez-Nous \n                            <\/h2>\n                                                 <div class=\"about-des\"> <p>Pour plus d'information, laissez-nous un message.<\/p> <\/div>                                            <\/div>\n                <\/div>\n            <\/div>\n        <\/div>\n        \t\t\t\t<\/div>\n\t\t\t\t<\/div>\n\t\t\t\t\t<\/div>\n\t\t<\/div>\n\t\t\t\t<div class=\"elementor-column elementor-col-50 elementor-inner-column elementor-element elementor-element-e2dfe08\" data-id=\"e2dfe08\" data-element_type=\"column\" data-e-type=\"column\">\n\t\t\t<div class=\"elementor-widget-wrap elementor-element-populated\">\n\t\t\t\t\t\t<div class=\"elementor-element elementor-element-9a6d364 elementor-widget elementor-widget-tronix_ctf7\" data-id=\"9a6d364\" data-element_type=\"widget\" data-e-type=\"widget\" data-widget_type=\"tronix_ctf7.default\">\n\t\t\t\t<div class=\"elementor-widget-container\">\n\t\t\t\t\t        <div class=\"tronix-ctf7s-wrapper\">\n            \n<div class=\"wpcf7 no-js\" id=\"wpcf7-f991-o1\" lang=\"en-US\" dir=\"ltr\" data-wpcf7-id=\"991\">\n<div class=\"screen-reader-response\"><p role=\"status\" aria-live=\"polite\" aria-atomic=\"true\"><\/p> <ul><\/ul><\/div>\n<form action=\"\/en\/wp-json\/wp\/v2\/pages\/974#wpcf7-f991-o1\" method=\"post\" class=\"wpcf7-form init\" aria-label=\"Contact form\" novalidate=\"novalidate\" data-status=\"init\" data-trp-original-action=\"\/en\/wp-json\/wp\/v2\/pages\/974#wpcf7-f991-o1\">\n<fieldset class=\"hidden-fields-container\"><input type=\"hidden\" name=\"_wpcf7\" value=\"991\" \/><input type=\"hidden\" name=\"_wpcf7_version\" value=\"6.1.5\" \/><input type=\"hidden\" name=\"_wpcf7_locale\" value=\"en_US\" \/><input type=\"hidden\" name=\"_wpcf7_unit_tag\" value=\"wpcf7-f991-o1\" \/><input type=\"hidden\" name=\"_wpcf7_container_post\" value=\"0\" \/><input type=\"hidden\" name=\"_wpcf7_posted_data_hash\" value=\"\" \/>\n<\/fieldset>\n<div class=\"tronix-contact-from-one-wrappwr\">\n    <div class=\"container\">\n        <div class=\"row\">\n            <div class=\"col-lg-6 col-md-6 col-12\">\n                <div class=\"tronix-input-area\">\n                    <span class=\"wpcf7-form-control-wrap\" data-name=\"fname\"><input size=\"40\" maxlength=\"400\" class=\"wpcf7-form-control wpcf7-text wpcf7-validates-as-required\" aria-required=\"true\" aria-invalid=\"false\" placeholder=\"You Name\" value=\"\" type=\"text\" name=\"fname\" \/><\/span>\n                <\/div>\n            <\/div>\n            <div class=\"col-lg-6 col-md-6 col-12\">\n                <div class=\"tronix-input-area\">\n                    <span class=\"wpcf7-form-control-wrap\" data-name=\"email\"><input size=\"40\" maxlength=\"400\" class=\"wpcf7-form-control wpcf7-email wpcf7-validates-as-required wpcf7-text wpcf7-validates-as-email\" aria-required=\"true\" aria-invalid=\"false\" placeholder=\"Email Address\" value=\"\" type=\"email\" name=\"email\" \/><\/span>\n                <\/div>\n            <\/div>\n            <div class=\"col-lg-12 col-md-12 col-12\">\n                <div class=\"tronix-input-area\">\n                    <span class=\"wpcf7-form-control-wrap\" data-name=\"select\"><select class=\"wpcf7-form-control wpcf7-select\" aria-invalid=\"false\" name=\"select\"><option value=\"Basic\">Basic<\/option><option value=\"Advance\">Advance<\/option><\/select><\/span>\n                <\/div>\n            <\/div>\n\n            <div class=\"col-lg-12 col-md-12 col-12\">\n                <div class=\"tronix-input-area message\">\n                    <span class=\"wpcf7-form-control-wrap\" data-name=\"message\"><textarea cols=\"10\" rows=\"6\" maxlength=\"2000\" class=\"wpcf7-form-control wpcf7-textarea wpcf7-validates-as-required\" aria-required=\"true\" aria-invalid=\"false\" placeholder=\"Message\" name=\"message\"><\/textarea><\/span>\n                <\/div>\n                <div class=\"tronix-contact-button button\">\n                    <input class=\"wpcf7-form-control wpcf7-submit has-spinner theme-btns\" type=\"submit\" value=\"Submit Message\" \/>\n                <\/div>\n            <\/div>\n        <\/div>\n    <\/div>\n<\/div><div class=\"wpcf7-response-output\" aria-hidden=\"true\"><\/div>\n<input type=\"hidden\" name=\"trp-form-language\" value=\"en\"\/><\/form>\n<\/div>\n        <\/div>\n        \t\t\t\t<\/div>\n\t\t\t\t<\/div>\n\t\t\t\t\t<\/div>\n\t\t<\/div>\n\t\t\t\t\t<\/div>\n\t\t<\/section>\n\t\t\t\t\t<\/div>\n\t\t<\/div>\n\t\t\t\t\t<\/div>\n\t\t<\/section>\n\t\t\t\t<\/div>","protected":false},"excerpt":{"rendered":"<p>Num\u00e9ro T\u00e9l\u00e9phone +243 997 021 002 | | | +243 811 481 178 Adresse Email abbelouismpala@gmail.com Office Address Avenue X, N\u00b0 00, Quartier X, C\/ Contactez-Nous Pour plus d&rsquo;information, laissez-nous un message. BasicAdvance<\/p>","protected":false},"author":1,"featured_media":0,"parent":0,"menu_order":0,"comment_status":"closed","ping_status":"closed","template":"blank-template.php","meta":{"_monsterinsights_skip_tracking":false,"_monsterinsights_sitenote_active":false,"_monsterinsights_sitenote_note":"","_monsterinsights_sitenote_category":0,"_uf_show_specific_survey":0,"_uf_disable_surveys":false,"footnotes":""},"ppma_author":[72],"class_list":["post-974","page","type-page","status-publish","hentry"],"_links":{"self":[{"href":"https:\/\/louismpala.com\/en\/wp-json\/wp\/v2\/pages\/974","targetHints":{"allow":["GET"]}}],"collection":[{"href":"https:\/\/louismpala.com\/en\/wp-json\/wp\/v2\/pages"}],"about":[{"href":"https:\/\/louismpala.com\/en\/wp-json\/wp\/v2\/types\/page"}],"author":[{"embeddable":true,"href":"https:\/\/louismpala.com\/en\/wp-json\/wp\/v2\/users\/1"}],"replies":[{"embeddable":true,"href":"https:\/\/louismpala.com\/en\/wp-json\/wp\/v2\/comments?post=974"}],"version-history":[{"count":21,"href":"https:\/\/louismpala.com\/en\/wp-json\/wp\/v2\/pages\/974\/revisions"}],"predecessor-version":[{"id":4235,"href":"https:\/\/louismpala.com\/en\/wp-json\/wp\/v2\/pages\/974\/revisions\/4235"}],"wp:attachment":[{"href":"https:\/\/louismpala.com\/en\/wp-json\/wp\/v2\/media?parent=974"}],"wp:term":[{"taxonomy":"author","embeddable":true,"href":"https:\/\/louismpala.com\/en\/wp-json\/wp\/v2\/ppma_author?post=974"}],"curies":[{"name":"wp","href":"https:\/\/api.w.org\/{rel}","templated":true}]}}