{"id":877,"date":"2023-06-06T12:07:01","date_gmt":"2023-06-06T12:07:01","guid":{"rendered":"https:\/\/wptf.themepul.co\/tronix\/?page_id=877"},"modified":"2024-04-15T17:30:57","modified_gmt":"2024-04-15T15:30:57","slug":"about","status":"publish","type":"page","link":"https:\/\/louismpala.com\/en\/about\/","title":{"rendered":"About"},"content":{"rendered":"<div data-elementor-type=\"wp-page\" data-elementor-id=\"877\" class=\"elementor elementor-877\">\n\t\t\t\t\t\t<section class=\"elementor-section elementor-top-section elementor-element elementor-element-064a28e elementor-section-boxed elementor-section-height-default elementor-section-height-default\" data-id=\"064a28e\" data-element_type=\"section\" data-e-type=\"section\">\n\t\t\t\t\t\t<div class=\"elementor-container elementor-column-gap-no\">\n\t\t\t\t\t<div class=\"elementor-column elementor-col-50 elementor-top-column elementor-element elementor-element-7d636cb\" data-id=\"7d636cb\" data-element_type=\"column\" data-e-type=\"column\">\n\t\t\t<div class=\"elementor-widget-wrap elementor-element-populated\">\n\t\t\t\t\t\t<div class=\"elementor-element elementor-element-bd9c78e elementor-widget elementor-widget-image\" data-id=\"bd9c78e\" data-element_type=\"widget\" data-e-type=\"widget\" data-widget_type=\"image.default\">\n\t\t\t\t<div class=\"elementor-widget-container\">\n\t\t\t\t\t\t\t\t\t\t\t\t\t\t\t<img fetchpriority=\"high\" decoding=\"async\" width=\"494\" height=\"590\" src=\"https:\/\/louismpala.com\/wp-content\/uploads\/2024\/04\/Group-46.png\" class=\"attachment-full size-full wp-image-3650\" alt=\"\" srcset=\"https:\/\/louismpala.com\/wp-content\/uploads\/2024\/04\/Group-46.png 494w, https:\/\/louismpala.com\/wp-content\/uploads\/2024\/04\/Group-46-251x300.png 251w, https:\/\/louismpala.com\/wp-content\/uploads\/2024\/04\/Group-46-10x12.png 10w\" sizes=\"(max-width: 494px) 100vw, 494px\" \/>\t\t\t\t\t\t\t\t\t\t\t\t\t\t\t<\/div>\n\t\t\t\t<\/div>\n\t\t\t\t\t<\/div>\n\t\t<\/div>\n\t\t\t\t<div class=\"elementor-column elementor-col-50 elementor-top-column elementor-element elementor-element-efce2e8\" data-id=\"efce2e8\" data-element_type=\"column\" data-e-type=\"column\">\n\t\t\t<div class=\"elementor-widget-wrap elementor-element-populated\">\n\t\t\t\t\t\t<div class=\"elementor-element elementor-element-f1b8152 elementor-widget__width-initial elementor-widget elementor-widget-tronix_about\" data-id=\"f1b8152\" data-element_type=\"widget\" data-e-type=\"widget\" data-widget_type=\"tronix_about.default\">\n\t\t\t\t<div class=\"elementor-widget-container\">\n\t\t\t\t\t        <div class=\"about-section-wraper\">\n            <div class=\"container\">\n                <div class=\"about_content\">\n                    <div class=\"about-item\">\n                         <span class=\"about-small-stitle\"> ABOUT ME <\/span>                         \n                            <h2 class=\"about-title\"> WHO AM I? \n                            <\/h2>\n                                                 <div class=\"about-des\"> <p>Louis MPALA Mbabula is a doctor and professor in Philosophy at the University of Lubumbashi after studying in Rome (Universit\u00e0 Urbaniana) and Kinshasa (Catholic University of Congo). Louis MPALA Mbabula is also a priest of the diocese of Kilwa-Kasenga.<\/p><p><strong>COURSE:<\/strong><\/p><ul><li>1999 - 1999 : Universit\u00e9 de Lubumbashi | Facult\u00e9 de Science<\/li><\/ul> <\/div>                                            <\/div>\n                <\/div>\n            <\/div>\n        <\/div>\n        \t\t\t\t<\/div>\n\t\t\t\t<\/div>\n\t\t\t\t\t<\/div>\n\t\t<\/div>\n\t\t\t\t\t<\/div>\n\t\t<\/section>\n\t\t\t\t<\/div>","protected":false},"excerpt":{"rendered":"<p>A PROPOS DE MOI QUI SUIS-JE? Louis MPALA Mbabula est docteur et professeur en Philosophie de l\u2019Universit\u00e9 de Lubumbashi apr\u00e8s avoir \u00e9tudi\u00e9 \u00e0 Rome (Universit\u00e0 Urbaniana) et \u00e0 Kinshasa (Universit\u00e9 Catholique du Congo). Louis MPALA Mbabula est aussi pr\u00eatre du dioc\u00e8se de Kilwa-Kasenga. PARCOURS: 1999 &#8211; 1999 : Universit\u00e9 de Lubumbashi | Facult\u00e9 de Science<\/p>","protected":false},"author":1,"featured_media":0,"parent":0,"menu_order":0,"comment_status":"closed","ping_status":"closed","template":"blank-template.php","meta":{"_monsterinsights_skip_tracking":false,"_monsterinsights_sitenote_active":false,"_monsterinsights_sitenote_note":"","_monsterinsights_sitenote_category":0,"_uf_show_specific_survey":0,"_uf_disable_surveys":false,"footnotes":""},"ppma_author":[72],"class_list":["post-877","page","type-page","status-publish","hentry"],"_links":{"self":[{"href":"https:\/\/louismpala.com\/en\/wp-json\/wp\/v2\/pages\/877","targetHints":{"allow":["GET"]}}],"collection":[{"href":"https:\/\/louismpala.com\/en\/wp-json\/wp\/v2\/pages"}],"about":[{"href":"https:\/\/louismpala.com\/en\/wp-json\/wp\/v2\/types\/page"}],"author":[{"embeddable":true,"href":"https:\/\/louismpala.com\/en\/wp-json\/wp\/v2\/users\/1"}],"replies":[{"embeddable":true,"href":"https:\/\/louismpala.com\/en\/wp-json\/wp\/v2\/comments?post=877"}],"version-history":[{"count":14,"href":"https:\/\/louismpala.com\/en\/wp-json\/wp\/v2\/pages\/877\/revisions"}],"predecessor-version":[{"id":3800,"href":"https:\/\/louismpala.com\/en\/wp-json\/wp\/v2\/pages\/877\/revisions\/3800"}],"wp:attachment":[{"href":"https:\/\/louismpala.com\/en\/wp-json\/wp\/v2\/media?parent=877"}],"wp:term":[{"taxonomy":"author","embeddable":true,"href":"https:\/\/louismpala.com\/en\/wp-json\/wp\/v2\/ppma_author?post=877"}],"curies":[{"name":"wp","href":"https:\/\/api.w.org\/{rel}","templated":true}]}}