{"id":600,"date":"2023-06-06T06:11:35","date_gmt":"2023-06-06T06:11:35","guid":{"rendered":"https:\/\/wptf.themepul.co\/tronix\/?page_id=600"},"modified":"2024-09-19T09:26:22","modified_gmt":"2024-09-19T07:26:22","slug":"page-daccuiel","status":"publish","type":"page","link":"https:\/\/louismpala.com\/en\/","title":{"rendered":"Page d&rsquo;accuiel"},"content":{"rendered":"<div data-elementor-type=\"wp-page\" data-elementor-id=\"600\" class=\"elementor elementor-600\">\n\t\t\t\t\t\t<section class=\"elementor-section elementor-top-section elementor-element elementor-element-00ef1ae elementor-section-full_width elementor-section-height-default elementor-section-height-default\" data-id=\"00ef1ae\" data-element_type=\"section\" data-e-type=\"section\" data-settings=\"{&quot;background_background&quot;:&quot;classic&quot;}\">\n\t\t\t\t\t\t\t<div class=\"elementor-background-overlay\"><\/div>\n\t\t\t\t\t\t\t<div class=\"elementor-container elementor-column-gap-no\">\n\t\t\t\t\t<div class=\"elementor-column elementor-col-100 elementor-top-column elementor-element elementor-element-4d6739d\" data-id=\"4d6739d\" data-element_type=\"column\" data-e-type=\"column\">\n\t\t\t<div class=\"elementor-widget-wrap elementor-element-populated\">\n\t\t\t\t\t\t<div class=\"elementor-element elementor-element-796adb9 elementor-widget elementor-widget-tronixcore_hero_banner\" data-id=\"796adb9\" data-element_type=\"widget\" data-e-type=\"widget\" data-widget_type=\"tronixcore_hero_banner.default\">\n\t\t\t\t<div class=\"elementor-widget-container\">\n\t\t\t\t\t<script>\n        jQuery(document).ready(function($) {\n            \"use strict\";\n            $(\"#video-btn-3216\").magnificPopup({\n                disableOn: 700,\n                type: \"iframe\",\n                mainClass: \"mfp-fade\",\n                removalDelay: 160,\n                preloader: false,\n                fixedContentPos: false\n            });\n        });\n        <\/script>        <div class=\"tronix-slider-banner-wrapper\">\n            <div class=\"tronix-single-slide-item tronix-cover-bg\" style=\"background-image: url()\">\n                <div class=\"tronix-table\">\n                    <div class=\"tronix-table-cell\">\n                        <div class=\"container\">\n                            <div class=\"row\">\n                                <div class=\"tronix-settings-content-column col-xl-6 col-lg-6 col-md-12\">\n                                    <div class=\"tronix-settings-content-box\">\n                                         \n                                            <span class=\"slide-subtitle\" > WELCOME TO MY PORTAL<\/span>\n                                                                                 \n                                            <h4 class=\"tronix-slide-title\" > My name is\t\t\t\t\t\t\t\t\t\t\t\t <span>Louis MPALA MBABULA<\/span>                                              <\/h4>\n                                                                                                                            <div class=\"tronix-slide-dec\" > Let's explore the horizons of knowledge together, researcher, writer, professor. Welcome to the portal of ordinary professor Louis MPALA MBABULA | University of Lubumbashi \/ Faculty of Letters and Human Sciences | Department of Philosophy <\/div>\n                                        \n                                        <div class=\"settings-button-wrapper\">\n                                                                                            <div class=\"hero-button\">\n                                                    <a  href=\"\/en\/about\/\" class=\"theme-btns\"> See more<\/a>\n                                                <\/div>\n                                                                                                                                <\/div>\n                                    <\/div>\n                                <\/div>\n                                                                    <div class=\"col-xl-6 col-lg-6 col-md-12\">\n\t\t\t\t\t\t\t\t\t\t\t\t\t\t\t\t\t\t\t\t\t<div class=\"tronix-hero-image-wrapper\">\n\t\t\t\t\t\t\t\t\t\t\t\t<div class=\"tronix-image\">\n\t\t\t\t\t\t\t\t\t\t\t\t\t<img fetchpriority=\"high\" decoding=\"async\" width=\"500\" height=\"506\" src=\"https:\/\/louismpala.com\/wp-content\/uploads\/2024\/04\/img-2-1-1.png\" class=\"attachment-full size-full\" alt=\"\" srcset=\"https:\/\/louismpala.com\/wp-content\/uploads\/2024\/04\/img-2-1-1.png 500w, https:\/\/louismpala.com\/wp-content\/uploads\/2024\/04\/img-2-1-1-296x300.png 296w, https:\/\/louismpala.com\/wp-content\/uploads\/2024\/04\/img-2-1-1-12x12.png 12w, https:\/\/louismpala.com\/wp-content\/uploads\/2024\/04\/img-2-1-1-100x100.png 100w\" sizes=\"(max-width: 500px) 100vw, 500px\" \/>\t\t\t\t\t\t\t\t\t\t\t\t<\/div>\n\t\t\t\t\t\t\t\t\t\t\t<\/div>\n\t\t\t\t\t\t\t\t\t\t                                    <\/div> \n                                                            <\/div>\n                        <\/div>\n                    <\/div>\n                <\/div>\n            <\/div>\n        <\/div>\n\t\t\t\t\t<\/div>\n\t\t\t\t<\/div>\n\t\t\t\t\t<\/div>\n\t\t<\/div>\n\t\t\t\t\t<\/div>\n\t\t<\/section>\n\t\t\t\t<section class=\"elementor-section elementor-top-section elementor-element elementor-element-c14da7e elementor-section-boxed elementor-section-height-default elementor-section-height-default\" data-id=\"c14da7e\" data-element_type=\"section\" data-e-type=\"section\" data-settings=\"{&quot;background_background&quot;:&quot;classic&quot;}\">\n\t\t\t\t\t\t<div class=\"elementor-container elementor-column-gap-no\">\n\t\t\t\t\t<div class=\"elementor-column elementor-col-100 elementor-top-column elementor-element elementor-element-146ef77\" data-id=\"146ef77\" data-element_type=\"column\" data-e-type=\"column\">\n\t\t\t<div class=\"elementor-widget-wrap elementor-element-populated\">\n\t\t\t\t\t\t<div class=\"elementor-element elementor-element-b1c834c elementor-widget elementor-widget-tronix_title\" data-id=\"b1c834c\" data-element_type=\"widget\" data-e-type=\"widget\" data-widget_type=\"tronix_title.default\">\n\t\t\t\t<div class=\"elementor-widget-container\">\n\t\t\t\t\t        <div class=\"tronix-section-title-wrapper\">\n           <div class=\"container\">\n           <div class=\"tronix-section-title-content\">\n                                    <span class=\"tronix-section-small-title\">\n                        ACTIVITIES                <\/span>\n                                                    <h2 class=\"tronix-section-title\">\n                        MY MAIN ACTIVITIES                    <\/h2>\n                                           <\/div>\n        <\/div>\n           <\/div>\n        \t\t\t\t<\/div>\n\t\t\t\t<\/div>\n\t\t\t\t<div class=\"elementor-element elementor-element-ba8b0e5 elementor-widget elementor-widget-tronix_services_one\" data-id=\"ba8b0e5\" data-element_type=\"widget\" data-e-type=\"widget\" data-widget_type=\"tronix_services_one.default\">\n\t\t\t\t<div class=\"elementor-widget-container\">\n\t\t\t\t\t        <div class=\"service-section-wrapper\">\n            <div class=\"container\">\n                <div class=\"row\">\n                                            <div class=\"col-xl-3 col-lg-6 col-md-6\">\n                            <div class=\"service-box\">\n                                <div class=\"service-one-icon\">\n                                    <i aria-hidden=\"true\" class=\"bi bi-book\"><\/i>                                <\/div>\n                                <div class=\"service-one-content\">\n                                    <h5 class=\"service-one-title\"> \n                                                                                <a href=\"\/en\/category\/livres\/\"  target=\"_blank\" rel=\"nofollow\">                                        Books                                        <\/a>                                    <\/h5>\n                                    <div class=\"services-one-des\">\n                                        Explore the different books that I have published.                                    <\/div>    \n                                <\/div>\n                                                            <\/div>                     \n                        <\/div>\n                                                <div class=\"col-xl-3 col-lg-6 col-md-6\">\n                            <div class=\"service-box\">\n                                <div class=\"service-one-icon\">\n                                    <i aria-hidden=\"true\" class=\"flaticon flaticon-contract\"><\/i>                                <\/div>\n                                <div class=\"service-one-content\">\n                                    <h5 class=\"service-one-title\"> \n                                                                                <a href=\"\/en\/category\/articles\/\"  target=\"_blank\" rel=\"nofollow\">                                        Items                                        <\/a>                                    <\/h5>\n                                    <div class=\"services-one-des\">\n                                        Dive into my different articles and publications                                    <\/div>    \n                                <\/div>\n                                                            <\/div>                     \n                        <\/div>\n                                                <div class=\"col-xl-3 col-lg-6 col-md-6\">\n                            <div class=\"service-box\">\n                                <div class=\"service-one-icon\">\n                                    <i aria-hidden=\"true\" class=\"flaticon flaticon-support-2\"><\/i>                                <\/div>\n                                <div class=\"service-one-content\">\n                                    <h5 class=\"service-one-title\"> \n                                                                                <a href=\"\/en\/category\/conferences\/\"  target=\"_blank\" rel=\"nofollow\">                                        Conferences                                        <\/a>                                    <\/h5>\n                                    <div class=\"services-one-des\">\n                                        Relive my lectures and others.                                    <\/div>    \n                                <\/div>\n                                                            <\/div>                     \n                        <\/div>\n                                                <div class=\"col-xl-3 col-lg-6 col-md-6\">\n                            <div class=\"service-box\">\n                                <div class=\"service-one-icon\">\n                                    <i aria-hidden=\"true\" class=\"flaticon flaticon-idea-3\"><\/i>                                <\/div>\n                                <div class=\"service-one-content\">\n                                    <h5 class=\"service-one-title\"> \n                                                                                <a href=\"\/en\/category\/philosophie-africaine\/\"  target=\"_blank\" rel=\"nofollow\">                                        African Philosophy                                        <\/a>                                    <\/h5>\n                                    <div class=\"services-one-des\">\n                                        My thoughts on African philosophy.                                    <\/div>    \n                                <\/div>\n                                                            <\/div>                     \n                        <\/div>\n                                                            <!-- Style Two  -->\n                <\/div>\n            <\/div>\n        <\/div>\n        \t\t\t\t<\/div>\n\t\t\t\t<\/div>\n\t\t\t\t\t<\/div>\n\t\t<\/div>\n\t\t\t\t\t<\/div>\n\t\t<\/section>\n\t\t<div class=\"shapeanimation tp-section-image tp-section-image-b20f78b elementor-repeater-item-d784523\"><\/div>\t\t<section data-tp-section-image=\"yes\" class=\"elementor-section elementor-top-section elementor-element elementor-element-b20f78b elementor-section-boxed elementor-section-height-default elementor-section-height-default\" data-id=\"b20f78b\" data-element_type=\"section\" data-e-type=\"section\" data-settings=\"{&quot;background_background&quot;:&quot;classic&quot;}\">\n\t\t\t\t\t\t\t<div class=\"elementor-background-overlay\"><\/div>\n\t\t\t\t\t\t\t<div class=\"elementor-container elementor-column-gap-no\">\n\t\t\t\t\t<div class=\"elementor-column elementor-col-50 elementor-top-column elementor-element elementor-element-0a4057b\" data-id=\"0a4057b\" data-element_type=\"column\" data-e-type=\"column\">\n\t\t\t<div class=\"elementor-widget-wrap elementor-element-populated\">\n\t\t\t\t\t\t<div class=\"elementor-element elementor-element-35d2260 elementor-widget elementor-widget-tronix_about\" data-id=\"35d2260\" data-element_type=\"widget\" data-e-type=\"widget\" data-widget_type=\"tronix_about.default\">\n\t\t\t\t<div class=\"elementor-widget-container\">\n\t\t\t\t\t        <div class=\"about-section-wraper\">\n            <div class=\"container\">\n                <div class=\"about_content\">\n                    <div class=\"about-item\">\n                         <span class=\"about-small-stitle\"> MY PUBLICATIONS <\/span>                         \n                            <h2 class=\"about-title\"> STEFANO KAOZE : LA SAGESSE BANTU ET L'IDENTIT\u00c9 N\u00c9GRO-AFRICAINE \n                            <\/h2>\n                                                 <div class=\"about-des\"> <p>Mixtures offered to Father Stefano Kaoze on the occasion of the hundredth anniversary of his priestly ordination<\/p>\n<ul>\n<li>Olivier NKULU KABAMBA<\/li>\n<li>Louis MPALA MBABULA<\/li>\n<\/ul> <\/div>                                                    <div class=\"about-button-area\">\n                                                                                                            <div class=\"about-button\">\n                                            <a href=\"https:\/\/wptf.themepul.co\/tronix\/about\/\" target=\"_blank\" rel=\"nofollow\" class=\"theme-btns\"> \n                                                SEE MORE \n                                            <\/a>\n                                        <\/div>\n                                                                                                                                                                    <\/div>\n                                            <\/div>\n                <\/div>\n            <\/div>\n        <\/div>\n        \t\t\t\t<\/div>\n\t\t\t\t<\/div>\n\t\t\t\t\t<\/div>\n\t\t<\/div>\n\t\t\t\t<div class=\"elementor-column elementor-col-50 elementor-top-column elementor-element elementor-element-09a0bd2\" data-id=\"09a0bd2\" data-element_type=\"column\" data-e-type=\"column\">\n\t\t\t<div class=\"elementor-widget-wrap elementor-element-populated\">\n\t\t\t\t\t\t<div class=\"elementor-element elementor-element-0539c81 elementor-widget__width-initial elementor-widget elementor-widget-tronix_image_one\" data-id=\"0539c81\" data-element_type=\"widget\" data-e-type=\"widget\" data-widget_type=\"tronix_image_one.default\">\n\t\t\t\t<div class=\"elementor-widget-container\">\n\t\t\t\t\t            <div class=\"tronix-about_image-one-wrapper\">\r\n                <div class=\"container\">\r\n                    <div class=\"tronix-about-one-main-image\">\r\n                        <img decoding=\"async\" width=\"533\" height=\"610\" src=\"https:\/\/louismpala.com\/wp-content\/uploads\/2024\/04\/group282.png\" class=\"attachment-full size-full\" alt=\"\" srcset=\"https:\/\/louismpala.com\/wp-content\/uploads\/2024\/04\/group282.png 533w, https:\/\/louismpala.com\/wp-content\/uploads\/2024\/04\/group282-262x300.png 262w, https:\/\/louismpala.com\/wp-content\/uploads\/2024\/04\/group282-10x12.png 10w\" sizes=\"(max-width: 533px) 100vw, 533px\" \/>                        <div class=\"tronix-about-one-small-image\">\r\n                                <img decoding=\"async\" width=\"325\" height=\"400\" src=\"https:\/\/louismpala.com\/wp-content\/uploads\/2024\/04\/about-image-1-1.png\" class=\"attachment-full size-full\" alt=\"\" srcset=\"https:\/\/louismpala.com\/wp-content\/uploads\/2024\/04\/about-image-1-1.png 325w, https:\/\/louismpala.com\/wp-content\/uploads\/2024\/04\/about-image-1-1-244x300.png 244w, https:\/\/louismpala.com\/wp-content\/uploads\/2024\/04\/about-image-1-1-10x12.png 10w\" sizes=\"(max-width: 325px) 100vw, 325px\" \/>                        <\/div>\r\n                    <\/div>\r\n                    \r\n                <\/div>\r\n            <\/div>\r\n        \t\t\t\t<\/div>\n\t\t\t\t<\/div>\n\t\t\t\t\t<\/div>\n\t\t<\/div>\n\t\t\t\t\t<\/div>\n\t\t<\/section>\n\t\t\t\t<section class=\"elementor-section elementor-top-section elementor-element elementor-element-f3d90b9 elementor-section-boxed elementor-section-height-default elementor-section-height-default\" data-id=\"f3d90b9\" data-element_type=\"section\" data-e-type=\"section\">\n\t\t\t\t\t\t<div class=\"elementor-container elementor-column-gap-no\">\n\t\t\t\t\t<div class=\"elementor-column elementor-col-100 elementor-top-column elementor-element elementor-element-ee79e0c\" data-id=\"ee79e0c\" data-element_type=\"column\" data-e-type=\"column\">\n\t\t\t<div class=\"elementor-widget-wrap elementor-element-populated\">\n\t\t\t\t\t\t<div class=\"elementor-element elementor-element-8532633 elementor-widget elementor-widget-tronix_title\" data-id=\"8532633\" data-element_type=\"widget\" data-e-type=\"widget\" data-widget_type=\"tronix_title.default\">\n\t\t\t\t<div class=\"elementor-widget-container\">\n\t\t\t\t\t        <div class=\"tronix-section-title-wrapper\">\n           <div class=\"container\">\n           <div class=\"tronix-section-title-content\">\n                                    <span class=\"tronix-section-small-title\">\n                        MY PUBLICATIONS                <\/span>\n                                                    <h2 class=\"tronix-section-title\">\n                        Latest Blog Updates                    <\/h2>\n                                           <\/div>\n        <\/div>\n           <\/div>\n        \t\t\t\t<\/div>\n\t\t\t\t<\/div>\n\t\t\t\t<div class=\"elementor-element elementor-element-58c3b66 elementor-widget elementor-widget-tronix_blog_one\" data-id=\"58c3b66\" data-element_type=\"widget\" data-e-type=\"widget\" data-widget_type=\"tronix_blog_one.default\">\n\t\t\t\t<div class=\"elementor-widget-container\">\n\t\t\t\t\t        <div class=\"tronix-blog-wrapper\">\n            <div class=\"tronix-blog-section-inner\">\n                <div class=\"container\">\n                    <div class=\"row\">\n                                                    <div class=\"col-xl-6 col-lg-6 col-md-6 col-sm-12\">\n                               \n                                    <div class=\"news-block-one\">\n                                        <div class=\"news-inner-box\">\n                                                                                        <div class=\"lower-content\">\n                                                <ul class=\"post-info clearfix\">\n                                                    <li><i class=\"far fa-calendar-alt\"><\/i> 20 February 2001 <\/li>\n                                                                                                            <li><i class=\"far fa-folder-open\"><\/i>  <a href=\"https:\/\/louismpala.com\/en\/category\/conferences\/\" rel=\"category tag\">Conferences<\/a> <\/li>\n                                                                                                                                                        <\/ul>\n                                                <h4>\n                                                    <a href=\"https:\/\/louismpala.com\/en\/2001\/02\/20\/la-dialectique-dheraclite-dephese-a-george-gurvitch\/\">La Dialectique comme m\u00e9thode de recherche scientifique<\/a>\n                                                <\/h4>\n                                                                                                    <div class=\"tronix-blog-dec\">Plus d'une fois, nous avons eu \u00e0 parler de la Dialectrique et cela dans les m\u00eames conditions, \u00e0 savoir celles de remettre les pendules \u00e0&hellip;<\/div>\n                                                                                               \n                                                                                                            <div class=\"news-button\">\n                                                                                                                            <a href=\"https:\/\/louismpala.com\/en\/2001\/02\/20\/la-dialectique-dheraclite-dephese-a-george-gurvitch\/\" class=\"news-btns\"> Read More <\/a>\n                                                                                                                                                                                <\/div>\n                                                                                                <\/div>\n                                        <\/div>\n                                    <\/div>\n                                \n                            <\/div>\n                                                    <div class=\"col-xl-6 col-lg-6 col-md-6 col-sm-12\">\n                               \n                                    <div class=\"news-block-one\">\n                                        <div class=\"news-inner-box\">\n                                                                                        <div class=\"lower-content\">\n                                                <ul class=\"post-info clearfix\">\n                                                    <li><i class=\"far fa-calendar-alt\"><\/i> 20 June 2008 <\/li>\n                                                                                                            <li><i class=\"far fa-folder-open\"><\/i>  <a href=\"https:\/\/louismpala.com\/en\/category\/manuels\/\" rel=\"category tag\">Manuals<\/a>,<a href=\"https:\/\/louismpala.com\/en\/category\/philosophie-africaine\/\" rel=\"category tag\">African Philosophy<\/a> <\/li>\n                                                                                                                                                        <\/ul>\n                                                <h4>\n                                                    <a href=\"https:\/\/louismpala.com\/en\/2008\/06\/20\/la-philosophie-comme-amour-de-la-sagesse\/\">La Philosophie comme amour de la sagesse<\/a>\n                                                <\/h4>\n                                                                                                    <div class=\"tronix-blog-dec\">Cours de Philosophie Le cours de philosophie en Droit et en Sciences sociales, politiques et administratives ne cherche pas \u00e0 former des philosophes, mais il&hellip;<\/div>\n                                                                                               \n                                                                                                            <div class=\"news-button\">\n                                                                                                                            <a href=\"https:\/\/louismpala.com\/en\/2008\/06\/20\/la-philosophie-comme-amour-de-la-sagesse\/\" class=\"news-btns\"> Read More <\/a>\n                                                                                                                                                                                <\/div>\n                                                                                                <\/div>\n                                        <\/div>\n                                    <\/div>\n                                \n                            <\/div>\n                                                                    <\/div>\n                <\/div>\n            <\/div>\n        <\/div>\n        \t\t\t\t<\/div>\n\t\t\t\t<\/div>\n\t\t\t\t\t<\/div>\n\t\t<\/div>\n\t\t\t\t\t<\/div>\n\t\t<\/section>\n\t\t\t\t<\/div>","protected":false},"excerpt":{"rendered":"<p>BIENVENUE SUR MON PORTAIL Je m&#039;appelle Louis MPALA MBABULA Explorons ensemble les horizons du savoir, chercheur, \u00e9crivain, professeur. Bienvenue sur le portail du professeur ordinaire Louis MPALA MBABULA | Universit\u00e9 de Lubumbashi \/ Facutl\u00e9 des lettres et sciences humaines | D\u00e9partement de Philosophie Voir Plus ACTIVITES MES PRINCIPALES ACTIVITES Livres Explorez les diff\u00e9rents livres que [&hellip;]<\/p>\n","protected":false},"author":1,"featured_media":0,"parent":0,"menu_order":0,"comment_status":"closed","ping_status":"closed","template":"template-home.php","meta":{"_monsterinsights_skip_tracking":false,"_monsterinsights_sitenote_active":false,"_monsterinsights_sitenote_note":"","_monsterinsights_sitenote_category":0,"_uf_show_specific_survey":0,"_uf_disable_surveys":false,"footnotes":""},"ppma_author":[72],"class_list":["post-600","page","type-page","status-publish","hentry"],"_links":{"self":[{"href":"https:\/\/louismpala.com\/en\/wp-json\/wp\/v2\/pages\/600","targetHints":{"allow":["GET"]}}],"collection":[{"href":"https:\/\/louismpala.com\/en\/wp-json\/wp\/v2\/pages"}],"about":[{"href":"https:\/\/louismpala.com\/en\/wp-json\/wp\/v2\/types\/page"}],"author":[{"embeddable":true,"href":"https:\/\/louismpala.com\/en\/wp-json\/wp\/v2\/users\/1"}],"replies":[{"embeddable":true,"href":"https:\/\/louismpala.com\/en\/wp-json\/wp\/v2\/comments?post=600"}],"version-history":[{"count":106,"href":"https:\/\/louismpala.com\/en\/wp-json\/wp\/v2\/pages\/600\/revisions"}],"predecessor-version":[{"id":4467,"href":"https:\/\/louismpala.com\/en\/wp-json\/wp\/v2\/pages\/600\/revisions\/4467"}],"wp:attachment":[{"href":"https:\/\/louismpala.com\/en\/wp-json\/wp\/v2\/media?parent=600"}],"wp:term":[{"taxonomy":"author","embeddable":true,"href":"https:\/\/louismpala.com\/en\/wp-json\/wp\/v2\/ppma_author?post=600"}],"curies":[{"name":"wp","href":"https:\/\/api.w.org\/{rel}","templated":true}]}}